{"id":1214,"date":"2023-04-18T20:01:31","date_gmt":"2023-04-18T18:01:31","guid":{"rendered":"http:\/\/verywellservices.it\/chi-siamo\/"},"modified":"2023-06-14T11:03:59","modified_gmt":"2023-06-14T09:03:59","slug":"chi-siamo","status":"publish","type":"page","link":"https:\/\/verywellservices.it\/it\/chi-siamo\/","title":{"rendered":"Chi siamo"},"content":{"rendered":"\n<div style=\"height:130px\" aria-hidden=\"true\" class=\"wp-block-spacer\"><\/div>\n\n\n\n<div class=\"wp-block-group alignwide is-layout-flow wp-block-group-is-layout-flow\">\n<div class=\"wp-block-columns are-vertically-aligned-bottom stack-on-tablet--portrait is-layout-flex wp-container-core-columns-is-layout-28f84493 wp-block-columns-is-layout-flex\">\n<div class=\"wp-block-column is-vertically-aligned-bottom is-layout-flow wp-block-column-is-layout-flow\" style=\"flex-basis:80%\">\n<h2 class=\"wp-block-heading has-extra-large-font-size\"><strong>L&#8217;insostituibile rete<\/strong> dei professionisti madrelingua<\/h2>\n<\/div>\n\n\n\n<div class=\"wp-block-column is-vertically-aligned-bottom is-layout-flow wp-block-column-is-layout-flow\" style=\"flex-basis:30%\">\n<div class=\"wp-block-buttons button-align-on-mobile--right is-vertical is-content-justification-right is-layout-flex wp-container-core-buttons-is-layout-75475f40 wp-block-buttons-is-layout-flex\">\n<div class=\"wp-block-button has-custom-font-size is-style-outline has-large-font-size is-style-outline--1\"><a class=\"wp-block-button__link wp-element-button\" href=\"https:\/\/verywellservices.it\/it\/contatti\/\" style=\"border-radius:100px;border-top-style:solid;border-right-style:solid;border-bottom-style:solid;border-left-style:solid;padding-top:0.4em;padding-right:0.6em;padding-bottom:0.4em;padding-left:0.6em\">Contattaci \u2192<\/a><\/div>\n<\/div>\n<\/div>\n<\/div>\n\n\n\n<div style=\"height:5px\" aria-hidden=\"true\" class=\"wp-block-spacer\"><\/div>\n\n\n\n<div style=\"height:20px\" aria-hidden=\"true\" class=\"wp-block-spacer\"><\/div>\n\n\n\n<hr class=\"wp-block-separator has-text-color has-css-opacity has-background is-style-wide\" style=\"background-color:#948f8c;color:#948f8c\"\/>\n<\/div>\n\n\n\n<div style=\"height:35px\" aria-hidden=\"true\" class=\"wp-block-spacer\"><\/div>\n\n\n\n<div class=\"wp-block-group alignwide is-layout-flow wp-block-group-is-layout-flow\" style=\"padding-right:5vw\">\n<h3 class=\"wp-block-heading\">Siamo un\u2019agenzia di interpretariato e traduzioni, snella, flessibile e veloce come il mercato di oggi richiede. Competenti ed accurati nella realizzazione dei servizi offerti, ci avvaliamo di professionisti madrelingua provenienti da ogni parte del mondo, scelti e vagliati con cura nel corso della nostra professione.<\/h3>\n<\/div>\n\n\n\n<div style=\"height:50px\" aria-hidden=\"true\" class=\"wp-block-spacer\"><\/div>\n\n\n\n<div class=\"wp-block-group alignwide is-layout-flow wp-block-group-is-layout-flow\">\n<div class=\"wp-block-columns is-layout-flex wp-container-core-columns-is-layout-2df90653 wp-block-columns-is-layout-flex\">\n<div class=\"wp-block-column is-layout-flow wp-block-column-is-layout-flow\" style=\"padding-right:2vw;flex-basis:40%\">\n<figure class=\"wp-block-image size-full\"><img loading=\"lazy\" decoding=\"async\" width=\"710\" height=\"784\" src=\"http:\/\/verywellservices.it\/wp-content\/uploads\/2023\/04\/verywell-young-woman-in-headphones-with-a-microphone-2021-09-07-16-06-02-utc.jpg\" alt=\"\" class=\"wp-image-945\" srcset=\"https:\/\/verywellservices.it\/wp-content\/uploads\/2023\/04\/verywell-young-woman-in-headphones-with-a-microphone-2021-09-07-16-06-02-utc.jpg 710w, https:\/\/verywellservices.it\/wp-content\/uploads\/2023\/04\/verywell-young-woman-in-headphones-with-a-microphone-2021-09-07-16-06-02-utc-272x300.jpg 272w\" sizes=\"auto, (max-width: 710px) 100vw, 710px\" \/><\/figure>\n<\/div>\n\n\n\n<div class=\"wp-block-column is-layout-flow wp-block-column-is-layout-flow\" style=\"padding-right:1vw\">\n<p class=\"has-foreground-color has-text-color has-small-font-size\">Scegliamo con molta attenzione le nostre risorse poich\u00e9 siamo consapevoli di quanto siano uno strumento insostituibile: per un servizio di interpretariato di qualit\u00e0 o per realizzare una traduzione eccellente non \u00e8 sufficiente conoscere una lingua, bisogna invece che sia pienamente compresa e sfruttata con padronanza per dare senso al linguaggio <\/p>\n<\/div>\n\n\n\n<div class=\"wp-block-column is-layout-flow wp-block-column-is-layout-flow\" style=\"padding-right:3vw\">\n<p class=\"has-foreground-color has-text-color has-small-font-size\">e arricchire le sfumature di significato, siano esse tecniche, culturali o evocative. La nostra specializzazione, e quella delle nostre risorse, rende tangibile qualsiasi risultato.<\/p>\n<\/div>\n\n\n\n<div class=\"wp-block-column is-layout-flow wp-block-column-is-layout-flow\" style=\"flex-basis:5%\"><\/div>\n<\/div>\n<\/div>\n\n\n\n<div style=\"height:100px\" aria-hidden=\"true\" class=\"wp-block-spacer\"><\/div>\n\n\n\n<div class=\"wp-block-group alignfull has-background-color has-secondary-background-color has-text-color has-background has-link-color wp-elements-2c20517c2681e4699f8f1647be32f5f1 is-layout-constrained wp-block-group-is-layout-constrained\">\n<div style=\"height:150px\" aria-hidden=\"true\" class=\"wp-block-spacer\"><\/div>\n\n\n\n<div class=\"wp-block-columns alignwide stack-on-tablet--portrait is-layout-flex wp-container-core-columns-is-layout-28f84493 wp-block-columns-is-layout-flex\">\n<div class=\"wp-block-column is-vertically-aligned-bottom is-layout-flow wp-block-column-is-layout-flow\" style=\"flex-basis:100%\">\n<h2 class=\"wp-block-heading has-text-align-left has-huge-font-size\">La filosofia<\/h2>\n<\/div>\n<\/div>\n\n\n\n<div style=\"height:10px\" aria-hidden=\"true\" class=\"wp-block-spacer\"><\/div>\n\n\n\n<hr class=\"wp-block-separator has-text-color has-background-color has-alpha-channel-opacity has-background-background-color has-background alignwide is-style-wide\"\/>\n\n\n\n<div style=\"height:140px\" aria-hidden=\"true\" class=\"wp-block-spacer\"><\/div>\n\n\n\n<div class=\"wp-block-columns alignwide is-layout-flex wp-container-core-columns-is-layout-94d92305 wp-block-columns-is-layout-flex\">\n<div class=\"wp-block-column is-layout-flow wp-block-column-is-layout-flow\" style=\"padding-right:14vw;flex-basis:66.66%\">\n<h3 class=\"wp-block-heading has-extra-large-font-size\">L&#8217;importanza dell&#8217;esperienza nei lavori di interpretariato e traduzione.<\/h3>\n\n\n\n<div style=\"height:30px\" aria-hidden=\"true\" class=\"wp-block-spacer\"><\/div>\n\n\n\n<div class=\"wp-block-columns is-layout-flex wp-container-core-columns-is-layout-28f84493 wp-block-columns-is-layout-flex\">\n<div class=\"wp-block-column is-layout-flow wp-block-column-is-layout-flow\" style=\"flex-basis:100%\">\n<p class=\"has-background-color has-text-color\">Il nostro percorso formativo e professionale \u00e8 iniziato molti anni fa: \u00e8 partito dalle aule universitarie, per poi passare ad un periodo lavorativo all\u2019estero, dove la conoscenza linguistica ha potuto arricchirsi e consolidarsi nella realt\u00e0. Questa \u00e8 una preziosa parte del cammino che ci ha condotto fino a lavorare in importanti studi e poi ad aprire la nostra agenzia.<\/p>\n\n\n\n<p class=\"has-background-color has-text-color\">Ma il nostro viaggio non \u00e8 ancora finito: tutt\u2019oggi siamo spesso all\u2019estero per offrire il nostro contributo assistendo i clienti in occasione di eventi fieristici, convegni o riunioni di lavoro.<\/p>\n\n\n\n<p class=\"has-background-color has-text-color\">\u00c8 la ricchezza di queste esperienze che ci ha permesso di comprendere come per realizzare un buon lavoro di interpretariato o di traduzione non sia sufficiente conoscere una lingua straniera, una forte esperienza pregressa nel campo per fronteggiare adeguatamente ogni situazione ed ottenere risultati rapidi e di valore.<\/p>\n<\/div>\n<\/div>\n<\/div>\n\n\n\n<div class=\"wp-block-column is-layout-flow wp-block-column-is-layout-flow\" style=\"padding-left:0vw;flex-basis:33.33%\">\n<div style=\"height:20px\" aria-hidden=\"true\" class=\"wp-block-spacer\"><\/div>\n\n\n\n<figure class=\"wp-block-image size-large\"><img loading=\"lazy\" decoding=\"async\" width=\"771\" height=\"1024\" src=\"http:\/\/verywellservices.it\/wp-content\/uploads\/2023\/04\/Wide-Angle_Shot_a_group_of_women_enjoying_an_internationa_07e533a7-2952-4631-9538-4cdf5d6755d9-771x1024.jpg\" alt=\"\" class=\"wp-image-947\" srcset=\"https:\/\/verywellservices.it\/wp-content\/uploads\/2023\/04\/Wide-Angle_Shot_a_group_of_women_enjoying_an_internationa_07e533a7-2952-4631-9538-4cdf5d6755d9-771x1024.jpg 771w, https:\/\/verywellservices.it\/wp-content\/uploads\/2023\/04\/Wide-Angle_Shot_a_group_of_women_enjoying_an_internationa_07e533a7-2952-4631-9538-4cdf5d6755d9-226x300.jpg 226w, https:\/\/verywellservices.it\/wp-content\/uploads\/2023\/04\/Wide-Angle_Shot_a_group_of_women_enjoying_an_internationa_07e533a7-2952-4631-9538-4cdf5d6755d9-768x1020.jpg 768w, https:\/\/verywellservices.it\/wp-content\/uploads\/2023\/04\/Wide-Angle_Shot_a_group_of_women_enjoying_an_internationa_07e533a7-2952-4631-9538-4cdf5d6755d9.jpg 928w\" sizes=\"auto, (max-width: 771px) 100vw, 771px\" \/><\/figure>\n<\/div>\n<\/div>\n\n\n\n<div style=\"height:177px\" aria-hidden=\"true\" class=\"wp-block-spacer\"><\/div>\n<\/div>\n","protected":false},"excerpt":{"rendered":"<p>L&#8217;insostituibile rete dei professionisti madrelingua Siamo un\u2019agenzia di interpretariato e traduzioni, snella, flessibile e veloce come il mercato di oggi richiede. Competenti ed accurati nella realizzazione dei servizi offerti, ci avvaliamo di professionisti madrelingua provenienti da ogni parte del mondo, scelti e vagliati con cura nel corso della nostra professione. Scegliamo con molta attenzione le<\/p>\n","protected":false},"author":1,"featured_media":0,"parent":0,"menu_order":0,"comment_status":"closed","ping_status":"closed","template":"","meta":{"inline_featured_image":false,"footnotes":""},"class_list":["post-1214","page","type-page","status-publish","hentry"],"_links":{"self":[{"href":"https:\/\/verywellservices.it\/it\/wp-json\/wp\/v2\/pages\/1214","targetHints":{"allow":["GET"]}}],"collection":[{"href":"https:\/\/verywellservices.it\/it\/wp-json\/wp\/v2\/pages"}],"about":[{"href":"https:\/\/verywellservices.it\/it\/wp-json\/wp\/v2\/types\/page"}],"author":[{"embeddable":true,"href":"https:\/\/verywellservices.it\/it\/wp-json\/wp\/v2\/users\/1"}],"replies":[{"embeddable":true,"href":"https:\/\/verywellservices.it\/it\/wp-json\/wp\/v2\/comments?post=1214"}],"version-history":[{"count":5,"href":"https:\/\/verywellservices.it\/it\/wp-json\/wp\/v2\/pages\/1214\/revisions"}],"predecessor-version":[{"id":1439,"href":"https:\/\/verywellservices.it\/it\/wp-json\/wp\/v2\/pages\/1214\/revisions\/1439"}],"wp:attachment":[{"href":"https:\/\/verywellservices.it\/it\/wp-json\/wp\/v2\/media?parent=1214"}],"curies":[{"name":"wp","href":"https:\/\/api.w.org\/{rel}","templated":true}]}}