{"id":1301,"date":"2023-03-27T10:28:30","date_gmt":"2023-03-27T08:28:30","guid":{"rendered":"http:\/\/verywellservices.it\/privacy-policy\/"},"modified":"2024-12-19T12:08:32","modified_gmt":"2024-12-19T11:08:32","slug":"privacy-policy","status":"publish","type":"page","link":"https:\/\/verywellservices.it\/it\/privacy-policy\/","title":{"rendered":"Informativa Privacy"},"content":{"rendered":"\n<h2 class=\"wp-block-heading\">Informativa Privacy<\/h2>\n\n\n\n<p class=\"has-foreground-color has-text-color has-link-color wp-elements-5bf6c094ce806f60dcda5f3714b5f828\">La societ\u00e0 VERYWELL SERVICES S.R.L. con sede legale in via Kennedy n. 1\/A 20844 Triuggio (MB), Codice Fiscale e Partita Iva 09547600966 email info@verywellservices.it (in seguito \u201cTITOLARE\u201d) in qualit\u00e0 di titolare del trattamento, La informa ai sensi dell\u2019art. 13 del Regolamento UE n. 679\/2016 (in seguito \u201cGDPR\u201d) che il trattamento dei dati da Lei liberamente conferiti o in altro modo raccolti, sar\u00e0 effettuato nel rispetto delle norme privacy in vigore, improntato ai principi di correttezza, liceit\u00e0 e trasparenza e svolto nell\u2019osservanza dei principi di pertinenza, completezza e non eccedenza.<\/p>\n\n\n\n<ol style=\"list-style-type:1\" class=\"wp-block-list\">\n<li><strong>Dati personali oggetto di trattamento<\/strong><\/li>\n<\/ol>\n\n\n\n<p class=\"has-foreground-color has-text-color has-link-color wp-elements-4d3d1bb93a639fc402dab9fb4e98f7bf\">Per \u201cDati Personali\u201d si intende qualsiasi informazione riguardante una persona fisica identificata o identificabile (\u201cinteressato\u201d); si considera identificabile la persona fisica che pu\u00f2 essere identificata, direttamente o indirettamente, con particolare riferimento ad un identificativo come il nome, un numero di identificazione, dati relativi all&#8217;ubicazione, un identificativo on-line o a uno o pi\u00f9 elementi caratteristici della sua identit\u00e0 fisica, fisiologica, psichica, economica, culturale o sociale.<\/p>\n\n\n\n<p class=\"has-foreground-color has-text-color has-link-color wp-elements-3b43ad2804cf9469dc96936b5cb7df74\">Per \u201cDati Particolari\u201d si intendono i dati personali idonei a rivelare l&#8217;origine razziale ed etnica, le convinzioni religiose o filosofiche, o l&#8217;appartenenza sindacale, nonch\u00e9 i dati genetici e biometrici, i dati relativi alla salute o alla vita sessuale o all&#8217;orientamento sessuale della persona.<\/p>\n\n\n\n<p class=\"has-foreground-color has-text-color has-link-color wp-elements-0fbba36dddf57e611adc167010182767\">Per \u201cDati giudiziari\u201d si intendono i dati personali relativi alle condanne penali e ai reati o a connesse misure di sicurezza.<\/p>\n\n\n\n<p class=\"has-foreground-color has-text-color has-link-color wp-elements-f925e8efd5f16b6ea571a81376065037\">Per \u201ctrattamento\u201d si intende qualsiasi operazione o insieme di operazioni, compiute con o senza l&#8217;ausilio di processi automatizzati e applicate ai dati personali o insieme di dati personali, come la raccolta, la registrazione, l&#8217;organizzazione, la strutturazione, la conservazione, l&#8217;adattamento o la modifica, l\u2019estrazione, la consultazione, l&#8217;uso, la comunicazione mediante trasmissione, diffusione o qualsiasi altra forma di messa a disposizione, il raffronto o l&#8217;interconnessione, la limitazione, la cancellazione o la distruzione.<\/p>\n\n\n\n<ol start=\"2\" class=\"wp-block-list\">\n<li><strong>Finalit\u00e0 del trattamento<\/strong><\/li>\n<\/ol>\n\n\n\n<p class=\"has-foreground-color has-text-color has-link-color wp-elements-dfbe324911dbae33ed3e8dc00a34db48\">I dati da Lei forniti verranno trattati per le seguenti finalit\u00e0:<\/p>\n\n\n\n<ul class=\"wp-block-list\">\n<li class=\"has-small-font-size\">Esigenze relative alla stipula di contratti e incarichi, alla relativa esecuzione, alle successive modifiche o variazioni e per qualsiasi obbligazione prevista per l\u2019adempimento degli stessi;<\/li>\n\n\n\n<li class=\"has-small-font-size\">Esigenze di tipo operativo, organizzativo, gestionale, finanziario, assicurativo e amministrativo-contabile relative al rapporto contrattuale e\/o precontrattuale instaurato;<\/li>\n\n\n\n<li class=\"has-small-font-size\">Adempiere a qualunque tipo di obbligo previsto da leggi, regolamenti, o normativa comunitaria.<\/li>\n<\/ul>\n\n\n\n<ol start=\"3\" class=\"wp-block-list\">\n<li><strong>Modalit\u00e0 di trattamento dei dati<\/strong><\/li>\n<\/ol>\n\n\n\n<p class=\"has-foreground-color has-text-color has-link-color wp-elements-2c3c14d8d2a4ec33d07eb647bf2cb3e2\">I trattamenti effettuati dal Titolare a qualsiasi titolo ai sensi della presente informativa hanno luogo presso la sede del Titolare e sono curati da personale interno, opportunamente nominato, per iscritto, incaricato del trattamento, ai sensi del GDPR, e\/o da personale esterno all\u2019organizzazione del Titolare, previa idonea nomina, sempre per iscritto, quale responsabile del trattamento ai sensi dell\u2019art. 28 del GDPR.<\/p>\n\n\n\n<p class=\"has-foreground-color has-text-color has-link-color wp-elements-4e3ba2b39b6e35b2813c94b99dd21106\">Il trattamento sar\u00e0 effettuato in maniera, non automatizzata, parzialmente automatizzata o interamente automatizzata. Il trattamento dei dati personali potr\u00e0 consistere nelle operazioni di raccolta, registrazione, organizzazione, conservazione, consultazione, utilizzo, elaborazione, modificazione, selezione, estrazione, raffronto, interconnessione, trasmissione, comunicazione, cancellazione, distruzione, blocco e limitazione.<\/p>\n\n\n\n<p class=\"has-foreground-color has-text-color has-link-color wp-elements-adeaee39d6a56c706f481412ef713c0e\">Il trattamento sar\u00e0 effettuato sia con l\u2019utilizzo di supporti cartacei che con l\u2019ausilio di strumenti elettronici, informatici e telematici idonei a garantire la sicurezza e la riservatezza dei dati stessi in conformit\u00e0 a quanto stabilito dall\u2019art. 32 del GDPR e dall\u2019art. 31 del D.Lgs. 196\/03 in materia di \u201cidonee misure di sicurezza\u201d e dall\u2019art. 33 del D.Lgs. 196\/03 in materia di misure minime di sicurezza.<\/p>\n\n\n\n<p class=\"has-foreground-color has-text-color has-link-color wp-elements-19e33982e03c8a566ef0fed4932463e2\">Nello svolgimento delle operazioni di trattamento saranno, comunque, sempre adottate tutte le misure tecniche, informatiche, organizzative, logistiche e procedurali di sicurezza, come previste dall\u2019Allegato B del D.Lgs. 196\/03, in modo che sia garantito il livello minimo di protezione dei dati previsto dalla legge. Le metodologie su menzionate, applicate per il trattamento, garantiranno l\u2019accesso ai dati ai soli soggetti specificati al punto 6).<\/p>\n\n\n\n<ol start=\"4\" class=\"wp-block-list\">\n<li><strong>Periodo di conservazione<\/strong><\/li>\n<\/ol>\n\n\n\n<p class=\"has-foreground-color has-text-color has-link-color wp-elements-27e137678c0aa6257744db870d11dd38\">I dati personali saranno conservati su server ubicati in Italia per il periodo di tempo strettamente necessario per il conseguimento delle finalit\u00e0 per le quali sono stati originariamente raccolti e sottoposti a trattamento. Il titolare sar\u00e0 comunque legittimato a conservare ulteriormente i dati personali in tutto o in parte, per le finalit\u00e0 consentite dal GDPR.<\/p>\n\n\n\n<ol start=\"5\" class=\"wp-block-list\">\n<li><strong>Conferimento dei dati e conseguenze in caso di mancato conferimento<\/strong><\/li>\n<\/ol>\n\n\n\n<p class=\"has-foreground-color has-text-color has-link-color wp-elements-8ed8d8ec14ef089dc60e3c27f575541c\">Il conferimento e il trattamento dati \u00e8:<\/p>\n\n\n\n<ul class=\"wp-block-list\">\n<li class=\"has-small-font-size\">obbligatorio e non necessita del Suo consenso per il raggiungimento di finalit\u00e0 connesse ad obblighi previsti da leggi, regolamenti o normative comunitarie;<\/li>\n\n\n\n<li class=\"has-small-font-size\">indispensabile e non necessita del Suo consenso per tutti i dati personali imprescindibili per una corretta instaurazione dell\u2019incarico nonch\u00e9 per una corretta gestione e prosecuzione della prestazione di servizi;<\/li>\n\n\n\n<li class=\"has-small-font-size\">indispensabile e non necessita del Suo consenso per l\u2019esecuzione di compiti di interesse pubblico o esercizio di pubblici poteri di cui il Titolare \u00e8 investito;<\/li>\n\n\n\n<li class=\"has-small-font-size\">indispensabile e non necessita il Suo consenso per il perseguimento di legittimi interessi del Titolare o di soggetti terzi;<\/li>\n\n\n\n<li class=\"has-small-font-size\">facoltativo e necessita del Suo esplicito consenso per tutti i dati personali raccolti per finalit\u00e0 non direttamente e\/o indirettamente connesse ad obblighi contrattuali, precontrattuali, di legge, di salvaguardia di interessi vitali, di svolgimento di compiti pubblici, di esercizio di pubblici poteri o di perseguimento di legittimi interessi.<\/li>\n<\/ul>\n\n\n\n<p class=\"has-foreground-color has-text-color has-link-color wp-elements-7e0f9618d88453d29e3aa1e25cae2a6a\">Il mancato conferimento dei dati di cui sopra potrebbe compromettere il regolare svolgimento del rapporto con il Titolare e, in particolare, per i dati personali sopra definiti come obbligatori e indispensabili, potrebbe comportare l\u2019impossibilit\u00e0 da parte del Titolare di effettuare il normale svolgimento dell\u2019incarico e la regolare erogazione delle prestazioni di servizi richieste.<\/p>\n\n\n\n<ol start=\"6\" class=\"wp-block-list\">\n<li><strong>Accesso dei dati<\/strong><\/li>\n<\/ol>\n\n\n\n<p class=\"has-foreground-color has-text-color has-link-color wp-elements-7f06f60918e0077adb326b30d0f76cc3\">I dati personali, oltre al Rappresentante Legale del Titolare del Trattamento, potranno essere resi accessibili per le finalit\u00e0 di cui all\u2019art. 2 ai seguenti soggetti o categorie particolari di soggetti:<\/p>\n\n\n\n<ul class=\"wp-block-list\">\n<li class=\"has-small-font-size\">a collaboratori del titolare, autorizzati dal Titolare, nella loro qualit\u00e0 di incaricati del trattamento e\/o amministratori di sistema;<\/li>\n\n\n\n<li class=\"has-small-font-size\">a societ\u00e0 terze o altri soggetti che svolgono attivit\u00e0 di outsourcing per conto del titolare (per es. traduttori, interpreti) nella loro qualit\u00e0 di responsabili del trattamento;<\/li>\n\n\n\n<li class=\"has-small-font-size\">soggetti che svolgono adempimenti di controllo, revisione e certificazione delle attivit\u00e0 poste in essere dal Titolare del trattamento;<\/li>\n\n\n\n<li class=\"has-small-font-size\">a consulenti e societ\u00e0 di consulenza, liberi professionisti, istituti bancari e assicurativi, studi commercialisti, studi legali, studi di consulenza del lavoro, societ\u00e0 operanti nel settore informatico.<\/li>\n<\/ul>\n\n\n\n<p class=\"has-foreground-color has-text-color has-link-color wp-elements-6fd9c3a32bfb1f548dceb54ddb654af5\">I dati personali potranno, inoltre, essere comunicati a Pubblica Amministrazione, Enti di Previdenza e Assistenza, Enti Pubblici, Forze di Polizia, Autorit\u00e0 Giudiziaria o altri Soggetti Pubblici e Privati, ma esclusivamente al fine di adempiere all\u2019incarico conferito e ad obblighi di legge, regolamento o normativa comunitaria.<\/p>\n\n\n\n<p class=\"has-foreground-color has-text-color has-link-color wp-elements-12b346461e1de0cf4c4806f51e37ed9c\">I dati in questione non saranno comunicati ad altri soggetti oltre a quelli previsti nella presente informativa.<\/p>\n\n\n\n<ol start=\"7\" class=\"wp-block-list\">\n<li><strong>Diffusione dei dati<\/strong><\/li>\n<\/ol>\n\n\n\n<p class=\"has-foreground-color has-text-color has-link-color wp-elements-83ff20f02d6463aa296bf0af7ace0536\">Nessun dato personale sar\u00e0 oggetto di diffusione o cessione a terzi se non su consenso esplicito degli interessati. Laddove la comunicazione a terzi fornitori dovesse essere necessaria per esigenze organizzative, amministrative o di supporto ai servizi erogati, sar\u00e0 cura del Titolare provvedere alla nomina di quest\u2019ultimi quali responsabili del trattamento ai sensi del GDPR.<\/p>\n\n\n\n<ol start=\"8\" class=\"wp-block-list\">\n<li><strong>Categorie particolari di dati personali e categorie di dati personali relativi a condanne penali e reati<\/strong><strong><\/strong><\/li>\n<\/ol>\n\n\n\n<p class=\"has-foreground-color has-text-color has-link-color wp-elements-1128fef185745c5a6354dcc6766844ca\">Il Titolare potrebbe inoltre trattare categorie particolari di dati personali, come dati idonei a rivelare l&#8217;origine razziale o etnica, le opinioni politiche, le convinzioni religiose, filosofiche o di altro genere, l\u2019adesione a partiti, sindacati, associazioni od organizzazioni a carattere religioso, filosofico, politico o sindacale, nonch\u00e9 i dati personali idonei a rivelare lo stato di salute e la vita sessuale.<\/p>\n\n\n\n<p class=\"has-foreground-color has-text-color has-link-color wp-elements-d02c7c0de3d6383d80b4d9e04d2e974a\">Il Titolare potrebbe altres\u00ec trattare anche dati personali rientranti nel novero dei dati \u201cgiudiziari\u201d ovvero dati idonei a rivelare provvedimenti in materia di casellario giudiziale, di anagrafe delle sanzioni amministrative dipendenti da reato e dei relativi carichi pendenti o la qualit\u00e0 di imputato e indagato.<\/p>\n\n\n\n<p class=\"has-foreground-color has-text-color has-link-color wp-elements-ef0abbe605ab698b2ec1e1171d362aeb\">In entrambi i casi sopra descritti, il trattamento sar\u00e0 effettuato nei limiti indicati dalle Autorizzazioni Generali del Garante Privacy, secondo le modalit\u00e0 previste al D.Lgs 196\/03 e per le finalit\u00e0 strettamente necessarie al regolare svolgimento delle operazioni relative all\u2019erogazione di prodotti\/servizi e all\u2019adempimento di obblighi contrattuali e\/o di legge\/regolamento.<\/p>\n\n\n\n<p class=\"has-foreground-color has-text-color has-link-color wp-elements-77f22f98073c93e7eaf407039f579a94\">In tali casi i soggetti e le categorie di soggetti che potranno venire a conoscenza dei suddetti dati o a cui potranno essere comunicati i dati, oltre al Rappresentante Legale del Titolare del Trattamento, sono:<\/p>\n\n\n\n<ul class=\"wp-block-list\">\n<li class=\"has-small-font-size\">i collaboratori del titolare, autorizzati dal Titolare, nella loro qualit\u00e0 di incaricati del trattamento e\/o amministratori di sistema;<\/li>\n\n\n\n<li class=\"has-small-font-size\">le societ\u00e0 terze o altri soggetti che svolgono attivit\u00e0 di outsourcing per conto del titolare (per es. traduttori, interpreti) nella loro qualit\u00e0 di responsabili del trattamento.<\/li>\n\n\n\n<li class=\"has-small-font-size\">consulenti e societ\u00e0 di consulenza, liberi professionisti, istituti bancari e assicurativi, studi commercialisti, studi legali, studi di consulenza del lavoro, societ\u00e0 operanti nel settore informatico.<\/li>\n<\/ul>\n\n\n\n<ol start=\"9\" class=\"wp-block-list\">\n<li><strong>Trasferimento dei dati personali<\/strong><\/li>\n<\/ol>\n\n\n\n<p class=\"has-foreground-color has-text-color has-link-color wp-elements-58dbedd0ff7d9079389fc71b61d95fd3\">I dati potranno essere trattati e trasferiti, per le finalit\u00e0 di cui al punto 2) e secondo le modalit\u00e0 di cui al punto 3), anche a soggetti di cui ai punti 6) e 8) stanziati in paesi appartenenti all\u2019Unione Europea e\/o al di fuori dell\u2019Unione Europea sulla base di una Decisione di Adeguatezza della Commissione Europea, di Adeguate Garanzie Privacy, o di un\u2019Autorizzazione dell\u2019Autorit\u00e0 Garante Privacy.<\/p>\n\n\n\n<ol start=\"10\" style=\"list-style-type:1\" class=\"wp-block-list\">\n<li><strong>Diritti dell\u2019interessato<\/strong><\/li>\n<\/ol>\n\n\n\n<p class=\"has-foreground-color has-text-color has-link-color wp-elements-d5fba82d45049728fb2fb4f910f641b6\">In ogni momento Lei potr\u00e0 richiedere al Rappresentante Legale del Titolare del Trattamento, utilizzando i dati di contatto indicati nella presente informativa, copia dei Suoi dati personali, informazioni in merito alla localit\u00e0 in cui i Suoi dati personali sono trattati ed un elenco aggiornato di tutti i Responsabili del Trattamento e degli Amministratori di Sistema autorizzati al trattamento dei Suoi dati.<\/p>\n\n\n\n<p class=\"has-foreground-color has-text-color has-link-color wp-elements-d36f2e1237a4b96ed3e67c9d1b34873a\">In ogni momento inoltre Lei potr\u00e0 liberamente revocare il consenso prestato, senza alcun onere e pregiudizio per la liceit\u00e0 dei trattamenti fino a quel momento svolti e potr\u00e0 esercitare, ai sensi degli articoli dal 15 al 22 del Regolamento UE n.679\/2016, il diritto di:<\/p>\n\n\n\n<ol style=\"list-style-type:lower-alpha\" class=\"wp-block-list\">\n<li class=\"has-small-font-size\">chiedere la conferma dell\u2019esistenza o meno di propri dati personali;<\/li>\n\n\n\n<li class=\"has-small-font-size\">ottenere le indicazioni circa le finalit\u00e0 del trattamento, le categorie dei dati personali, i destinatari o le categorie di destinatari a cui i dati personali sono stati o saranno comunicati e, quando possibile, il periodo di conservazione;<\/li>\n\n\n\n<li class=\"has-small-font-size\">ottenere la rettifica e la cancellazione dei dati;<\/li>\n\n\n\n<li class=\"has-small-font-size\">ottenere la limitazione del trattamento;<\/li>\n\n\n\n<li class=\"has-small-font-size\">ottenere la portabilit\u00e0 dei dati, ossia riceverli dal Titolare del trattamento, in un formato strutturato, di uso comune e leggibile da dispositivo automatico, e trasmetterli ad un altro titolare del trattamento senza impedimenti;<\/li>\n\n\n\n<li class=\"has-small-font-size\">opporsi al trattamento in qualsiasi momento ed anche nel caso di trattamento per finalit\u00e0 di marketing diretto;<\/li>\n\n\n\n<li class=\"has-small-font-size\">opporsi ad un processo decisionale automatizzato relativo alle persone fisiche, compresa la profilazione;<\/li>\n\n\n\n<li class=\"has-small-font-size\">proporre reclamo al Garante Privacy nei confronti del Titolare del Trattamento.<\/li>\n<\/ol>\n\n\n<p>Triuggio 21,Aprile, 2026<\/p>\n\n\n\n<p class=\"has-foreground-color has-text-color has-link-color wp-elements-d73753e578b4c959ec2bfd331446bca4\">VERYWELL SERVICES S.R.L.<\/p>\n\n\n\n<p><\/p>\n","protected":false},"excerpt":{"rendered":"<p>Informativa Privacy La societ\u00e0 VERYWELL SERVICES S.R.L. con sede legale in via Kennedy n. 1\/A 20844 Triuggio (MB), Codice Fiscale e Partita Iva 09547600966 email info@verywellservices.it (in seguito \u201cTITOLARE\u201d) in qualit\u00e0 di titolare del trattamento, La informa ai sensi dell\u2019art. 13 del Regolamento UE n. 679\/2016 (in seguito \u201cGDPR\u201d) che il trattamento dei dati da<\/p>\n","protected":false},"author":1,"featured_media":0,"parent":0,"menu_order":0,"comment_status":"closed","ping_status":"open","template":"","meta":{"inline_featured_image":false,"footnotes":""},"class_list":["post-1301","page","type-page","status-publish","hentry"],"_links":{"self":[{"href":"https:\/\/verywellservices.it\/it\/wp-json\/wp\/v2\/pages\/1301","targetHints":{"allow":["GET"]}}],"collection":[{"href":"https:\/\/verywellservices.it\/it\/wp-json\/wp\/v2\/pages"}],"about":[{"href":"https:\/\/verywellservices.it\/it\/wp-json\/wp\/v2\/types\/page"}],"author":[{"embeddable":true,"href":"https:\/\/verywellservices.it\/it\/wp-json\/wp\/v2\/users\/1"}],"replies":[{"embeddable":true,"href":"https:\/\/verywellservices.it\/it\/wp-json\/wp\/v2\/comments?post=1301"}],"version-history":[{"count":4,"href":"https:\/\/verywellservices.it\/it\/wp-json\/wp\/v2\/pages\/1301\/revisions"}],"predecessor-version":[{"id":1481,"href":"https:\/\/verywellservices.it\/it\/wp-json\/wp\/v2\/pages\/1301\/revisions\/1481"}],"wp:attachment":[{"href":"https:\/\/verywellservices.it\/it\/wp-json\/wp\/v2\/media?parent=1301"}],"curies":[{"name":"wp","href":"https:\/\/api.w.org\/{rel}","templated":true}]}}